{"id":18374,"date":"2021-03-27T18:50:53","date_gmt":"2021-03-27T13:20:53","guid":{"rendered":"https:\/\/www.prarasbiosciences.com\/?page_id=18374"},"modified":"2021-03-29T14:37:45","modified_gmt":"2021-03-29T09:07:45","slug":"product-praras-wine-making-kit","status":"publish","type":"page","link":"https:\/\/www.prarasbiosciences.com\/es\/product-praras-wine-making-kit\/","title":{"rendered":"Praras wine making kit"},"content":{"rendered":"<div class=\"vgblk-rw-wrapper limit-wrapper\">\n\t<h2><strong>Vinophile (A Wine Kit)<\/strong><\/h2>\n<div class=\"woocommerce\">\t\t\t<div class=\"single-product\" data-product-page-preselected-id=\"0\">\n\t\t\t\t<div class=\"woocommerce-notices-wrapper\"><\/div><div id=\"product-18365\" class=\"product type-product post-18365 status-publish first instock product_cat-wine has-post-thumbnail shipping-taxable purchasable product-type-simple\">\n\n\t<div class=\"limit-wrapper vamtam-box-outer-padding clearfix\"><div class=\"woocommerce-product-gallery woocommerce-product-gallery--with-images woocommerce-product-gallery--columns-4 images\" data-columns=\"4\">\n\n\t\n\t\t\t\t\t<div id=\"product-gallery-18365\" class=\"vamtam-cubeportfolio cbp cbp-slider-edge\" data-options=\"{&quot;layoutMode&quot;:&quot;slider&quot;,&quot;drag&quot;:true,&quot;auto&quot;:false,&quot;autoTimeout&quot;:5000,&quot;autoPauseOnHover&quot;:true,&quot;showNavigation&quot;:true,&quot;showPagination&quot;:false,&quot;rewindNav&quot;:true,&quot;gridAdjustment&quot;:&quot;responsive&quot;,&quot;mediaQueries&quot;:[{&quot;width&quot;:1,&quot;cols&quot;:1}],&quot;gapHorizontal&quot;:0,&quot;gapVertical&quot;:0,&quot;caption&quot;:&quot;&quot;,&quot;displayType&quot;:&quot;default&quot;,&quot;plugins&quot;:{&quot;slider&quot;:{&quot;pagination&quot;:&quot;#product-gallery-pager-18365&quot;,&quot;paginationClass&quot;:&quot;cbp-pagination-active&quot;}}}\">\n\t\t\t\t\t\t\t\t\t\t\t<div class=\"cbp-item\">\n\t\t\t\t\t\t\t<div class=\"cbp-caption\">\n\t\t\t\t\t\t\t\t<div class=\"cbp-caption-defaultWrap\">\n\t\t\t\t\t\t\t\t\t<div data-thumb=\"https:\/\/www.prarasbiosciences.com\/wp-content\/uploads\/2021\/03\/Image-2.jpeg\" class=\"woocommerce-product-gallery__image\"><a href=\"https:\/\/www.prarasbiosciences.com\/wp-content\/uploads\/2021\/03\/Image-2-630x630.jpeg\" class=\"cbp-lightbox\"><img loading=\"lazy\" decoding=\"async\" width=\"630\" height=\"630\" src=\"https:\/\/www.prarasbiosciences.com\/wp-content\/uploads\/2021\/03\/Image-2-630x630.jpeg\" class=\"wp-post-image\" alt=\"\" title=\"Image-2.jpeg\" data-caption=\"\" data-src=\"https:\/\/www.prarasbiosciences.com\/wp-content\/uploads\/2021\/03\/Image-2-630x630.jpeg\" data-large_image=\"https:\/\/www.prarasbiosciences.com\/wp-content\/uploads\/2021\/03\/Image-2-630x630.jpeg\" data-large_image_width=\"630\" data-large_image_height=\"630\" srcset=\"https:\/\/www.prarasbiosciences.com\/wp-content\/uploads\/2021\/03\/Image-2-630x630.jpeg 630w, https:\/\/www.prarasbiosciences.com\/wp-content\/uploads\/2021\/03\/Image-2-300x300.jpeg 300w, https:\/\/www.prarasbiosciences.com\/wp-content\/uploads\/2021\/03\/Image-2-150x150.jpeg 150w, https:\/\/www.prarasbiosciences.com\/wp-content\/uploads\/2021\/03\/Image-2-420x420.jpeg 420w, https:\/\/www.prarasbiosciences.com\/wp-content\/uploads\/2021\/03\/Image-2-315x315.jpeg 315w, https:\/\/www.prarasbiosciences.com\/wp-content\/uploads\/2021\/03\/Image-2-100x100.jpeg 100w, https:\/\/www.prarasbiosciences.com\/wp-content\/uploads\/2021\/03\/Image-2.jpeg 720w\" sizes=\"auto, (max-width: 630px) 100vw, 630px\" \/><\/a><\/div>\t\t\t\t\t\t\t\t<\/div>\n\t\t\t\t\t\t\t<\/div>\n\t\t\t\t\t\t<\/div>\n\t\t\t\t\t\t\t\t\t\t\t<div class=\"cbp-item\">\n\t\t\t\t\t\t\t<div class=\"cbp-caption\">\n\t\t\t\t\t\t\t\t<div class=\"cbp-caption-defaultWrap\">\n\t\t\t\t\t\t\t\t\t<div data-thumb=\"https:\/\/www.prarasbiosciences.com\/wp-content\/uploads\/2021\/03\/Image-2.jpeg\" class=\"woocommerce-product-gallery__image\"><a href=\"https:\/\/www.prarasbiosciences.com\/wp-content\/uploads\/2021\/03\/Image-3-630x630.jpeg\" class=\"cbp-lightbox\"><img loading=\"lazy\" decoding=\"async\" width=\"630\" height=\"630\" src=\"https:\/\/www.prarasbiosciences.com\/wp-content\/uploads\/2021\/03\/Image-3-630x630.jpeg\" class=\"wp-post-image\" alt=\"\" title=\"Image-3.jpeg\" data-caption=\"\" data-src=\"https:\/\/www.prarasbiosciences.com\/wp-content\/uploads\/2021\/03\/Image-3-630x630.jpeg\" data-large_image=\"https:\/\/www.prarasbiosciences.com\/wp-content\/uploads\/2021\/03\/Image-3-630x630.jpeg\" data-large_image_width=\"630\" data-large_image_height=\"630\" srcset=\"https:\/\/www.prarasbiosciences.com\/wp-content\/uploads\/2021\/03\/Image-3-630x630.jpeg 630w, https:\/\/www.prarasbiosciences.com\/wp-content\/uploads\/2021\/03\/Image-3-300x300.jpeg 300w, https:\/\/www.prarasbiosciences.com\/wp-content\/uploads\/2021\/03\/Image-3-1024x1024.jpeg 1024w, https:\/\/www.prarasbiosciences.com\/wp-content\/uploads\/2021\/03\/Image-3-150x150.jpeg 150w, https:\/\/www.prarasbiosciences.com\/wp-content\/uploads\/2021\/03\/Image-3-768x768.jpeg 768w, https:\/\/www.prarasbiosciences.com\/wp-content\/uploads\/2021\/03\/Image-3-420x420.jpeg 420w, https:\/\/www.prarasbiosciences.com\/wp-content\/uploads\/2021\/03\/Image-3-840x840.jpeg 840w, https:\/\/www.prarasbiosciences.com\/wp-content\/uploads\/2021\/03\/Image-3-315x315.jpeg 315w, https:\/\/www.prarasbiosciences.com\/wp-content\/uploads\/2021\/03\/Image-3-100x100.jpeg 100w, https:\/\/www.prarasbiosciences.com\/wp-content\/uploads\/2021\/03\/Image-3.jpeg 1106w\" sizes=\"auto, (max-width: 630px) 100vw, 630px\" \/><\/a><\/div>\t\t\t\t\t\t\t\t<\/div>\n\t\t\t\t\t\t\t<\/div>\n\t\t\t\t\t\t<\/div>\n\t\t\t\t\t\t\t\t\t<\/div>\n\t\n\t\t\t<ul class=\"thumbnails flex-control-nav\" id=\"product-gallery-pager-18365\"><li><a href=\"\" class=\"cbp-pagination-item first\" title=\"Image-2.jpeg\"><img loading=\"lazy\" decoding=\"async\" width=\"100\" height=\"100\" src=\"https:\/\/www.prarasbiosciences.com\/wp-content\/uploads\/2021\/03\/Image-2-100x100.jpeg\" class=\"attachment-shop_thumbnail size-shop_thumbnail\" alt=\"\" \/><\/a><\/li><li><a href=\"\" class=\"cbp-pagination-item\" title=\"Image-3.jpeg\"><img loading=\"lazy\" decoding=\"async\" width=\"100\" height=\"100\" src=\"https:\/\/www.prarasbiosciences.com\/wp-content\/uploads\/2021\/03\/Image-3-100x100.jpeg\" class=\"attachment-shop_thumbnail size-shop_thumbnail\" alt=\"\" \/><\/a><\/li><\/ul>\n\t\n\t<\/div>\n\n\t<div class=\"summary entry-summary\">\n\t\t<p class=\"price\"><span class=\"woocommerce-Price-amount amount\"><bdi><span class=\"woocommerce-Price-currencySymbol\">&#8377;<\/span>2999<\/bdi><\/span><\/p>\n<div class=\"woocommerce-product-details__short-description\">\n\t<div class=\"vgblk-rw-wrapper limit-wrapper\">\n<h5><span style=\"color: #ff0000;\"><strong>( Buy1 Get 1 Free)<\/strong><\/span><\/h5>\n<p>This kit contains FSSAI approved food additives which enhances the quality as well as accelerates the process of homemade wines by improving fermentation, preventing contamination, increasing the juice yield and enhancing colour. It is user friendly even for first time hobby winemakers.<\/p>\n<p>One kit can be used for up to 13 kg of fruit pulp which can result in around 10L of wine. Following fruits can be used to make wine with this kit: apple, peach, plum, grape, banana amongst others.<\/p>\n<p><b><span lang=\"EN-US\">Content Inside the Kit<\/span><\/b><span lang=\"EN-US\">: I1-Wine Yeast (<\/span><i><span lang=\"EN-US\">Saccharomyces cerevisiae<\/span><\/i><span lang=\"EN-US\">)<\/span><span lang=\"EN-US\">, IA, IB, IC, ID &amp; IE &#8211; Antioxidant (E224), I3-Yeast nutrient, I2 \u2013Enzyme, I4-Fining agent.\u00a0\u00a0\u00a0<\/span><\/div>\n<p><!-- .vgblk-rw-wrapper --><\/p>\n<\/div>\n\n\t\n\t<form class=\"cart\" action=\"\" method=\"post\" enctype='multipart\/form-data'>\n\t\t\n\t\t<div class=\"quantity\">\n\t\t<label class=\"screen-reader-text\" for=\"quantity_69f3f9287b14f\">Praras Wine Making Kit cantidad<\/label>\n\t<input\n\t\ttype=\"number\"\n\t\t\t\tid=\"quantity_69f3f9287b14f\"\n\t\tclass=\"input-text qty text\"\n\t\tname=\"quantity\"\n\t\tvalue=\"1\"\n\t\taria-label=\"Cantidad de productos\"\n\t\t\t\tmin=\"1\"\n\t\t\t\t\t\t\tstep=\"1\"\n\t\t\tplaceholder=\"\"\n\t\t\tinputmode=\"numeric\"\n\t\t\tautocomplete=\"off\"\n\t\t\t\/>\n\t<\/div>\n\n\t\t<button type=\"submit\" name=\"add-to-cart\" value=\"18365\" class=\"single_add_to_cart_button button alt\">A\u00f1adir al carrito<\/button>\n\n\t\t\t<\/form>\n\n\t\n<div class=\"product_meta\">\n\n\t\n\t\n\t<span class=\"posted_in\">Category: <a href=\"https:\/\/www.prarasbiosciences.com\/es\/product-category\/wine\/\" rel=\"tag\">Wine<\/a><\/span>\n\t\n\t\n<\/div>\n\t<\/div>\n\n\t<\/div>\n\t<div class=\"woocommerce-tabs wc-tabs-wrapper limit-wrapper vamtam-box-outer-padding\">\n\t\t<ul class=\"tabs wc-tabs\" role=\"tablist\">\n\t\t\t\t\t\t\t<li role=\"presentation\" class=\"description_tab\" id=\"tab-title-description\">\n\t\t\t\t\t<a href=\"#tab-description\" role=\"tab\" aria-controls=\"tab-description\">\n\t\t\t\t\t\tDescripci\u00f3n\t\t\t\t\t<\/a>\n\t\t\t\t<\/li>\n\t\t\t\t\t\t\t<li role=\"presentation\" class=\"reviews_tab\" id=\"tab-title-reviews\">\n\t\t\t\t\t<a href=\"#tab-reviews\" role=\"tab\" aria-controls=\"tab-reviews\">\n\t\t\t\t\t\tValoraciones (0)\t\t\t\t\t<\/a>\n\t\t\t\t<\/li>\n\t\t\t\t\t<\/ul>\n\t\t\t\t\t<div class=\"woocommerce-Tabs-panel woocommerce-Tabs-panel--description panel entry-content wc-tab\" id=\"tab-description\" role=\"tabpanel\" aria-labelledby=\"tab-title-description\">\n\t\t\t\t\n\n<div class=\"vgblk-rw-wrapper limit-wrapper\"><div style=\"width: 640px;\" class=\"wp-video\"><video class=\"wp-video-shortcode\" id=\"video-18365-1\" width=\"640\" height=\"352\" preload=\"metadata\" controls=\"controls\"><source type=\"video\/mp4\" src=\"https:\/\/blog.prarasbiosciences.com\/wp-content\/uploads\/2020\/11\/WIne-making-kit.mp4?_=1\" \/><a href=\"https:\/\/blog.prarasbiosciences.com\/wp-content\/uploads\/2020\/11\/WIne-making-kit.mp4\">https:\/\/blog.prarasbiosciences.com\/wp-content\/uploads\/2020\/11\/WIne-making-kit.mp4<\/a><\/video><\/div>\r\n\r\n&nbsp;\r\n<p class=\"m_5346994064505486709MsoNoSpacing\"><b><span lang=\"EN-US\">DEVELOPED BY<\/span><\/b><span lang=\"EN-US\">:\u00a0<\/span><span lang=\"EN-US\">PRAKHOJ PVT LTD<\/span><u><\/u><u><\/u><\/p>\r\n<p class=\"m_5346994064505486709MsoNoSpacing\"><b><span lang=\"EN-US\">MANUFACTURED &amp; MARKETED BY :<\/span><\/b><span lang=\"EN-US\">\u00a0<\/span><span lang=\"EN-US\">PrARAS BIOSCIENCES PVT LTD<\/span><\/p><\/div><!-- .vgblk-rw-wrapper -->\t\t\t<\/div>\n\t\t\t\t\t<div class=\"woocommerce-Tabs-panel woocommerce-Tabs-panel--reviews panel entry-content wc-tab\" id=\"tab-reviews\" role=\"tabpanel\" aria-labelledby=\"tab-title-reviews\">\n\t\t\t\t<div id=\"reviews\" class=\"woocommerce-Reviews\">\n\t<div id=\"comments\">\n\t\t<h2 class=\"woocommerce-Reviews-title\">\n\t\t\tValoraciones\t\t<\/h2>\n\n\t\t\t\t\t<p class=\"woocommerce-noreviews\">No hay valoraciones a\u00fan.<\/p>\n\t\t\t<\/div>\n\n\t\t\t<div id=\"review_form_wrapper\">\n\t\t\t<div id=\"review_form\">\n\t\t\t\t\t<div id=\"respond\" class=\"comment-respond\">\n\t\t<span id=\"reply-title\" class=\"comment-reply-title\" role=\"heading\" aria-level=\"3\">S\u00e9 el primero en valorar &ldquo;Praras Wine Making Kit&rdquo; <small><a rel=\"nofollow\" id=\"cancel-comment-reply-link\" href=\"\/es\/wp-json\/wp\/v2\/pages\/18374#respond\" style=\"display:none;\">Cancelar la respuesta<\/a><\/small><\/span><form action=\"https:\/\/www.prarasbiosciences.com\/wp-comments-post.php\" method=\"post\" id=\"commentform\" class=\"comment-form\"><p class=\"comment-notes\"><span id=\"email-notes\">Tu direcci\u00f3n de correo electr\u00f3nico no ser\u00e1 publicada.<\/span> <span class=\"required-field-message\">Los campos obligatorios est\u00e1n marcados con <span class=\"required\">*<\/span><\/span><\/p><p class=\"comment-form-rating\"><label for=\"rating\">Your Rating<\/label><select name=\"rating\" id=\"rating\">\n\t\t\t\t<option value=\"\">Rate&hellip;<\/option>\n\t\t\t\t<option value=\"5\">Perfect<\/option>\n\t\t\t\t<option value=\"4\">Good<\/option>\n\t\t\t\t<option value=\"3\">Average<\/option>\n\t\t\t\t<option value=\"2\">Not that bad<\/option>\n\t\t\t\t<option value=\"1\">Very Poor<\/option>\n\t\t\t<\/select><\/p><p class=\"comment-form-comment\"><label for=\"comment\">Your Review<\/label><textarea id=\"comment\" name=\"comment\" cols=\"45\" rows=\"8\" aria-required=\"true\" required><\/textarea><\/p><p class=\"comment-form-author\"><label for=\"author\">Nombre&nbsp;<span class=\"required\">*<\/span><\/label><input id=\"author\" name=\"author\" type=\"text\" autocomplete=\"name\" value=\"\" size=\"30\" required \/><\/p>\n<p class=\"comment-form-email\"><label for=\"email\">Correo electr\u00f3nico&nbsp;<span class=\"required\">*<\/span><\/label><input id=\"email\" name=\"email\" type=\"email\" autocomplete=\"email\" value=\"\" size=\"30\" required \/><\/p>\n<p class=\"form-submit\"><input name=\"submit\" type=\"submit\" id=\"submit\" class=\"submit\" value=\"Enviar\" \/> <input type='hidden' name='comment_post_ID' value='18365' id='comment_post_ID' \/>\n<input type='hidden' name='comment_parent' id='comment_parent' value='0' \/>\n<\/p><p style=\"display: none !important;\" class=\"akismet-fields-container\" data-prefix=\"ak_\"><label>&#916;<textarea name=\"ak_hp_textarea\" cols=\"45\" rows=\"8\" maxlength=\"100\"><\/textarea><\/label><input type=\"hidden\" id=\"ak_js_1\" name=\"ak_js\" value=\"233\"\/><script>document.getElementById( \"ak_js_1\" ).setAttribute( \"value\", ( new Date() ).getTime() );<\/script><\/p><\/form>\t<\/div><!-- #respond -->\n\t\t\t\t<\/div>\n\t\t<\/div>\n\t\n\t<div class=\"clear\"><\/div>\n<\/div>\n\t\t\t<\/div>\n\t\t\n\t\t\t<\/div>\n\n<\/div>\n\n\t\t\t<\/div>\n\t\t\t<\/div><\/div><!-- .vgblk-rw-wrapper -->","protected":false},"excerpt":{"rendered":"<h5><span style=\"color: #ff0000;\"><strong>( Buy1 Get 1 Free)<\/strong><\/span><\/h5>\n<p>This kit contains FSSAI approved food additives which enhances the quality as well as accelerates the process of homemade wines by improving fermentation, preventing contamination, increasing the juice yield and enhancing colour. It is user friendly even for first time hobby winemakers.<\/p>\n<p>One kit can be used for up to 13 kg of fruit pulp which can result in around 10L of wine. Following fruits can be used to make wine with this kit: apple, peach, plum, grape, banana amongst others.<\/p>\n<p><b><span lang=\"EN-US\">Content Inside the Kit<\/span><\/b><span lang=\"EN-US\">: I1-Wine Yeast (<\/span><i><span lang=\"EN-US\">Saccharomyces cerevisiae<\/span><\/i><span lang=\"EN-US\">)<\/span><span lang=\"EN-US\">, IA, IB, IC, ID &amp; IE &#8211; Antioxidant (E224), I3-Yeast nutrient, I2 \u2013Enzyme, I4-Fining agent.\u00a0\u00a0\u00a0<\/span><\/p>\n","protected":false},"author":1,"featured_media":0,"parent":0,"menu_order":0,"comment_status":"closed","ping_status":"closed","template":"","meta":{"inline_featured_image":false,"footnotes":""},"class_list":["post-18374","page","type-page","status-publish","hentry"],"yoast_head":"<!-- This site is optimized with the Yoast SEO plugin v27.4 - https:\/\/yoast.com\/product\/yoast-seo-wordpress\/ -->\n<title>Praras wine making kit - Praras Biosciences<\/title>\n<meta name=\"description\" content=\"Contact Praras Biosciences at info@prarasbiosciences.com or +91-80-48904262. We specialize in providing industrial biotechnology solutions.\" \/>\n<meta name=\"robots\" content=\"index, follow, max-snippet:-1, max-image-preview:large, max-video-preview:-1\" \/>\n<link rel=\"canonical\" href=\"https:\/\/www.prarasbiosciences.com\/es\/product-praras-wine-making-kit\/\" \/>\n<meta property=\"og:locale\" content=\"es_ES\" \/>\n<meta property=\"og:locale:alternate\" content=\"en_US\" \/>\n<meta property=\"og:locale:alternate\" content=\"fr-FR\" \/>\n<meta property=\"og:locale:alternate\" content=\"de-DE\" \/>\n<meta property=\"og:locale:alternate\" content=\"zh-CN\" \/>\n<meta property=\"og:locale:alternate\" content=\"ru-RU\" \/>\n<meta property=\"og:locale:alternate\" content=\"ar-SA\" \/>\n<meta property=\"og:type\" content=\"article\" \/>\n<meta property=\"og:title\" content=\"Praras wine making kit - Praras Biosciences\" \/>\n<meta property=\"og:description\" content=\"Contact Praras Biosciences at info@prarasbiosciences.com or +91-80-48904262. We specialize in providing industrial biotechnology solutions.\" \/>\n<meta property=\"og:url\" content=\"https:\/\/www.prarasbiosciences.com\/es\/product\/praras-wine-making-kit\/\" \/>\n<meta property=\"og:site_name\" content=\"Praras Biosciences\" \/>\n<meta property=\"article:modified_time\" content=\"2021-03-29T09:07:45+00:00\" \/>\n<meta name=\"twitter:card\" content=\"summary_large_image\" \/>\n<script type=\"application\/ld+json\" class=\"yoast-schema-graph\">{\"@context\":\"https:\\\/\\\/schema.org\",\"@graph\":[{\"@type\":\"WebPage\",\"@id\":\"https:\\\/\\\/www.prarasbiosciences.com\\\/product-praras-wine-making-kit\\\/\",\"url\":\"https:\\\/\\\/www.prarasbiosciences.com\\\/product-praras-wine-making-kit\\\/\",\"name\":\"Praras wine making kit - Praras Biosciences\",\"isPartOf\":{\"@id\":\"https:\\\/\\\/www.prarasbiosciences.com\\\/#website\"},\"datePublished\":\"2021-03-27T13:20:53+00:00\",\"dateModified\":\"2021-03-29T09:07:45+00:00\",\"description\":\"Contact Praras Biosciences at info@prarasbiosciences.com or +91-80-48904262. We specialize in providing industrial biotechnology solutions.\",\"breadcrumb\":{\"@id\":\"https:\\\/\\\/www.prarasbiosciences.com\\\/product-praras-wine-making-kit\\\/#breadcrumb\"},\"inLanguage\":\"es-ES\",\"potentialAction\":[{\"@type\":\"ReadAction\",\"target\":[\"https:\\\/\\\/www.prarasbiosciences.com\\\/product-praras-wine-making-kit\\\/\"]}]},{\"@type\":\"BreadcrumbList\",\"@id\":\"https:\\\/\\\/www.prarasbiosciences.com\\\/product-praras-wine-making-kit\\\/#breadcrumb\",\"itemListElement\":[{\"@type\":\"ListItem\",\"position\":1,\"name\":\"Home\",\"item\":\"https:\\\/\\\/www.prarasbiosciences.com\\\/\"},{\"@type\":\"ListItem\",\"position\":2,\"name\":\"Praras wine making kit\"}]},{\"@type\":\"WebSite\",\"@id\":\"https:\\\/\\\/www.prarasbiosciences.com\\\/#website\",\"url\":\"https:\\\/\\\/www.prarasbiosciences.com\\\/\",\"name\":\"Praras Biosciences\",\"description\":\"Biosciences for Better Value\",\"publisher\":{\"@id\":\"https:\\\/\\\/www.prarasbiosciences.com\\\/#organization\"},\"potentialAction\":[{\"@type\":\"SearchAction\",\"target\":{\"@type\":\"EntryPoint\",\"urlTemplate\":\"https:\\\/\\\/www.prarasbiosciences.com\\\/?s={search_term_string}\"},\"query-input\":{\"@type\":\"PropertyValueSpecification\",\"valueRequired\":true,\"valueName\":\"search_term_string\"}}],\"inLanguage\":\"es-ES\"},{\"@type\":\"Organization\",\"@id\":\"https:\\\/\\\/www.prarasbiosciences.com\\\/#organization\",\"name\":\"Praras Biosciences\",\"url\":\"https:\\\/\\\/www.prarasbiosciences.com\\\/\",\"logo\":{\"@type\":\"ImageObject\",\"inLanguage\":\"es-ES\",\"@id\":\"https:\\\/\\\/www.prarasbiosciences.com\\\/#\\\/schema\\\/logo\\\/image\\\/\",\"url\":\"https:\\\/\\\/www.prarasbiosciences.com\\\/wp-content\\\/uploads\\\/2017\\\/07\\\/Praras_Biosciences_Logo_New2.png\",\"contentUrl\":\"https:\\\/\\\/www.prarasbiosciences.com\\\/wp-content\\\/uploads\\\/2017\\\/07\\\/Praras_Biosciences_Logo_New2.png\",\"width\":250,\"height\":77,\"caption\":\"Praras Biosciences\"},\"image\":{\"@id\":\"https:\\\/\\\/www.prarasbiosciences.com\\\/#\\\/schema\\\/logo\\\/image\\\/\"}}]}<\/script>\n<!-- \/ Yoast SEO plugin. -->","yoast_head_json":{"title":"Praras wine making kit - Praras Biosciences","description":"Contact Praras Biosciences at info@prarasbiosciences.com or +91-80-48904262. We specialize in providing industrial biotechnology solutions.","robots":{"index":"index","follow":"follow","max-snippet":"max-snippet:-1","max-image-preview":"max-image-preview:large","max-video-preview":"max-video-preview:-1"},"canonical":"https:\/\/www.prarasbiosciences.com\/es\/product-praras-wine-making-kit\/","og_locale":"es_ES","og_type":"article","og_title":"Praras wine making kit - Praras Biosciences","og_description":"Contact Praras Biosciences at info@prarasbiosciences.com or +91-80-48904262. We specialize in providing industrial biotechnology solutions.","og_url":"https:\/\/www.prarasbiosciences.com\/es\/product\/praras-wine-making-kit\/","og_site_name":"Praras Biosciences","article_modified_time":"2021-03-29T09:07:45+00:00","twitter_card":"summary_large_image","schema":{"@context":"https:\/\/schema.org","@graph":[{"@type":"WebPage","@id":"https:\/\/www.prarasbiosciences.com\/product-praras-wine-making-kit\/","url":"https:\/\/www.prarasbiosciences.com\/product-praras-wine-making-kit\/","name":"Praras wine making kit - Praras Biosciences","isPartOf":{"@id":"https:\/\/www.prarasbiosciences.com\/#website"},"datePublished":"2021-03-27T13:20:53+00:00","dateModified":"2021-03-29T09:07:45+00:00","description":"Contact Praras Biosciences at info@prarasbiosciences.com or +91-80-48904262. We specialize in providing industrial biotechnology solutions.","breadcrumb":{"@id":"https:\/\/www.prarasbiosciences.com\/product-praras-wine-making-kit\/#breadcrumb"},"inLanguage":"es-ES","potentialAction":[{"@type":"ReadAction","target":["https:\/\/www.prarasbiosciences.com\/product-praras-wine-making-kit\/"]}]},{"@type":"BreadcrumbList","@id":"https:\/\/www.prarasbiosciences.com\/product-praras-wine-making-kit\/#breadcrumb","itemListElement":[{"@type":"ListItem","position":1,"name":"Home","item":"https:\/\/www.prarasbiosciences.com\/"},{"@type":"ListItem","position":2,"name":"Praras wine making kit"}]},{"@type":"WebSite","@id":"https:\/\/www.prarasbiosciences.com\/#website","url":"https:\/\/www.prarasbiosciences.com\/","name":"Praras Biosciences","description":"Biosciences for Better Value","publisher":{"@id":"https:\/\/www.prarasbiosciences.com\/#organization"},"potentialAction":[{"@type":"SearchAction","target":{"@type":"EntryPoint","urlTemplate":"https:\/\/www.prarasbiosciences.com\/?s={search_term_string}"},"query-input":{"@type":"PropertyValueSpecification","valueRequired":true,"valueName":"search_term_string"}}],"inLanguage":"es-ES"},{"@type":"Organization","@id":"https:\/\/www.prarasbiosciences.com\/#organization","name":"Praras Biosciences","url":"https:\/\/www.prarasbiosciences.com\/","logo":{"@type":"ImageObject","inLanguage":"es-ES","@id":"https:\/\/www.prarasbiosciences.com\/#\/schema\/logo\/image\/","url":"https:\/\/www.prarasbiosciences.com\/wp-content\/uploads\/2017\/07\/Praras_Biosciences_Logo_New2.png","contentUrl":"https:\/\/www.prarasbiosciences.com\/wp-content\/uploads\/2017\/07\/Praras_Biosciences_Logo_New2.png","width":250,"height":77,"caption":"Praras Biosciences"},"image":{"@id":"https:\/\/www.prarasbiosciences.com\/#\/schema\/logo\/image\/"}}]}},"_links":{"self":[{"href":"https:\/\/www.prarasbiosciences.com\/es\/wp-json\/wp\/v2\/pages\/18374","targetHints":{"allow":["GET"]}}],"collection":[{"href":"https:\/\/www.prarasbiosciences.com\/es\/wp-json\/wp\/v2\/pages"}],"about":[{"href":"https:\/\/www.prarasbiosciences.com\/es\/wp-json\/wp\/v2\/types\/page"}],"author":[{"embeddable":true,"href":"https:\/\/www.prarasbiosciences.com\/es\/wp-json\/wp\/v2\/users\/1"}],"replies":[{"embeddable":true,"href":"https:\/\/www.prarasbiosciences.com\/es\/wp-json\/wp\/v2\/comments?post=18374"}],"version-history":[{"count":0,"href":"https:\/\/www.prarasbiosciences.com\/es\/wp-json\/wp\/v2\/pages\/18374\/revisions"}],"wp:attachment":[{"href":"https:\/\/www.prarasbiosciences.com\/es\/wp-json\/wp\/v2\/media?parent=18374"}],"curies":[{"name":"wp","href":"https:\/\/api.w.org\/{rel}","templated":true}]}}